{"id":843,"date":"2016-09-04T21:55:13","date_gmt":"2016-09-05T00:55:13","guid":{"rendered":"http:\/\/osulemcima.com\/blog\/?page_id=843"},"modified":"2016-09-05T22:29:39","modified_gmt":"2016-09-06T01:29:39","slug":"livros","status":"publish","type":"page","link":"https:\/\/osulemcima.com\/blog\/livros\/","title":{"rendered":"Livros"},"content":{"rendered":"<p>&nbsp;<\/p>\n<p><img loading=\"lazy\" decoding=\"async\" class=\"size-medium wp-image-846 alignleft\" src=\"http:\/\/osulemcima.com\/blog\/wp-content\/uploads\/2016\/09\/Kyoto-208x300.jpg\" alt=\"Kyoto\" width=\"208\" height=\"300\" srcset=\"https:\/\/osulemcima.com\/blog\/wp-content\/uploads\/2016\/09\/Kyoto-208x300.jpg 208w, https:\/\/osulemcima.com\/blog\/wp-content\/uploads\/2016\/09\/Kyoto.jpg 664w\" sizes=\"auto, (max-width: 208px) 100vw, 208px\" \/> \u00a0<strong>Kyoto<\/strong> &#8211; Essa \u00e9 uma hist\u00f3ria de amor entre um brasileiro e uma japonesa. Murano e Naomi se conhecem no Rio de Janeiro e ficam perdidamente apaixonados. Akio, pai de Naomi, homem rico, poderoso e de passado nebuloso, ao saber do romance leva Naomi de volta para o Jap\u00e3o e praticamente a isola do mundo nos arredores da cidade de Kyoto.<\/p>\n<p>&nbsp;<\/p>\n<p>&nbsp;<\/p>\n<p>&nbsp;<\/p>\n<p>&nbsp;<\/p>\n<p>&nbsp;<\/p>\n<p>&nbsp;<\/p>\n<p><img loading=\"lazy\" decoding=\"async\" class=\" wp-image-849 alignleft\" src=\"http:\/\/osulemcima.com\/blog\/wp-content\/uploads\/2016\/09\/SOBE-DESCE-Capa-1-289x300.jpeg\" alt=\"SOBE DESCE Capa 1\" width=\"217\" height=\"217\" \/><\/p>\n<p><strong>Sobe Desce com a Nina<\/strong> \u2013 Esse \u00e9 um poema de Kleiton Ramil que conta as divertidas aventuras de um garoto com a Nina, que uma menina n\u00e3o \u00e9. No CD encartado no livro, com produ\u00e7\u00e3o de Kleiton e interpretado por seus filhos Kamila, Karina e Kaio, o poema vira can\u00e7\u00e3o em portugu\u00eas e espanhol, e brincadeira para toda a fam\u00edlia. Editada pela Libretos, a obra tem vers\u00e3o em espanhol do escritor Alcy Cheuiche e ilustra\u00e7\u00e3o de Ana Terra.<\/p>\n<p>&nbsp;<\/p>\n<p>&nbsp;<\/p>\n<p>&nbsp;<\/p>\n<p><img loading=\"lazy\" decoding=\"async\" class=\"size-medium wp-image-852 alignleft\" src=\"http:\/\/osulemcima.com\/blog\/wp-content\/uploads\/2016\/09\/Capa-Krika-S\u00e1-217x300.jpg\" alt=\"Capa Krika S\u00e1\" width=\"217\" height=\"300\" srcset=\"https:\/\/osulemcima.com\/blog\/wp-content\/uploads\/2016\/09\/Capa-Krika-S\u00e1-217x300.jpg 217w, https:\/\/osulemcima.com\/blog\/wp-content\/uploads\/2016\/09\/Capa-Krika-S\u00e1.jpg 724w\" sizes=\"auto, (max-width: 217px) 100vw, 217px\" \/><\/p>\n<p><strong>Insonia Adeus<\/strong> &#8211; Escrevi esse livro com intuito de ajudar pessoas. 30% da popula\u00e7\u00e3o mundial sofre de Ins\u00f4nia e a maioria delas contorna esse problema tornando-se dependente de rem\u00e9dios. Nesse livro apresento um m\u00e9todo simples e natural que poder\u00e1 ajudar uma infinidade de pessoas, assim como tem me ajudado h\u00e1 mais de 20 anos.<\/p>\n<p>&nbsp;<\/p>\n<p>&nbsp;<\/p>\n<p>&nbsp;<\/p>\n<p>&nbsp;<\/p>\n<p>&nbsp;<\/p>\n<p>&nbsp;<\/p>\n<p><img loading=\"lazy\" decoding=\"async\" class=\"size-medium wp-image-875 alignleft\" src=\"http:\/\/osulemcima.com\/blog\/wp-content\/uploads\/2016\/09\/memorias_de_um_sonhador-214x300.jpg\" alt=\"memorias_de_um_sonhador\" width=\"214\" height=\"300\" srcset=\"https:\/\/osulemcima.com\/blog\/wp-content\/uploads\/2016\/09\/memorias_de_um_sonhador-214x300.jpg 214w, https:\/\/osulemcima.com\/blog\/wp-content\/uploads\/2016\/09\/memorias_de_um_sonhador-768x1075.jpg 768w, https:\/\/osulemcima.com\/blog\/wp-content\/uploads\/2016\/09\/memorias_de_um_sonhador-731x1024.jpg 731w, https:\/\/osulemcima.com\/blog\/wp-content\/uploads\/2016\/09\/memorias_de_um_sonhador-900x1260.jpg 900w, https:\/\/osulemcima.com\/blog\/wp-content\/uploads\/2016\/09\/memorias_de_um_sonhador.jpg 1000w\" sizes=\"auto, (max-width: 214px) 100vw, 214px\" \/><br \/>\n<strong>Mem\u00f3rias de um sonhador<\/strong> \u2013 \u00c9 meu segundo livro sobre o assunto, sobre o qual pretendo, junto com a m\u00fasica, dedicar toda minha vida, seja pelo material inesgot\u00e1vel de pesquisa que oferece como pela ineg\u00e1vel riqueza que h\u00e1 no nosso inconsciente, um grande tesouro para o desenvolvimento pessoal e para cria\u00e7\u00f5es art\u00edsticas. Grandes mestres beberam dessa fonte, como o pintor surrealista Salvador Dali e o cineasta espanhol Luis Bu\u00f1uel.<\/p>\n<p>&nbsp;<\/p>\n<p>&nbsp;<\/p>\n<p>&nbsp;<\/p>\n<p>&nbsp;<\/p>\n<p>&nbsp;<\/p>\n<p><img loading=\"lazy\" decoding=\"async\" class=\"size-medium wp-image-847 alignleft\" src=\"http:\/\/osulemcima.com\/blog\/wp-content\/uploads\/2016\/09\/Livro-das-confiss\u00f5es-Capa-220x300.jpeg\" alt=\"Livro das confiss\u00f5es - Capa\" width=\"220\" height=\"300\" srcset=\"https:\/\/osulemcima.com\/blog\/wp-content\/uploads\/2016\/09\/Livro-das-confiss\u00f5es-Capa-220x300.jpeg 220w, https:\/\/osulemcima.com\/blog\/wp-content\/uploads\/2016\/09\/Livro-das-confiss\u00f5es-Capa-768x1045.jpeg 768w, https:\/\/osulemcima.com\/blog\/wp-content\/uploads\/2016\/09\/Livro-das-confiss\u00f5es-Capa-752x1024.jpeg 752w, https:\/\/osulemcima.com\/blog\/wp-content\/uploads\/2016\/09\/Livro-das-confiss\u00f5es-Capa-900x1225.jpeg 900w, https:\/\/osulemcima.com\/blog\/wp-content\/uploads\/2016\/09\/Livro-das-confiss\u00f5es-Capa.jpeg 1175w\" sizes=\"auto, (max-width: 220px) 100vw, 220px\" \/><br \/>\n<strong>Livro das confiss\u00f5es<\/strong> &#8211; Esse livro s\u00f3 \u00e9 vendido por encomenda. Saiba mais acesse (p\u00e1gina de contato)<\/p>\n<p>&nbsp;<\/p>\n<p>&nbsp;<\/p>\n<p>&nbsp;<\/p>\n<p>&nbsp;<\/p>\n<p>&nbsp;<\/p>\n<p>&nbsp;<\/p>\n<p>&nbsp;<\/p>\n<p><img loading=\"lazy\" decoding=\"async\" class=\"size-medium wp-image-850 alignleft\" src=\"http:\/\/osulemcima.com\/blog\/wp-content\/uploads\/2016\/09\/Sonhos-e-sonhadores-CAPA-210x300.jpeg\" alt=\"Sonhos e sonhadores CAPA\" width=\"210\" height=\"300\" srcset=\"https:\/\/osulemcima.com\/blog\/wp-content\/uploads\/2016\/09\/Sonhos-e-sonhadores-CAPA-210x300.jpeg 210w, https:\/\/osulemcima.com\/blog\/wp-content\/uploads\/2016\/09\/Sonhos-e-sonhadores-CAPA-768x1099.jpeg 768w, https:\/\/osulemcima.com\/blog\/wp-content\/uploads\/2016\/09\/Sonhos-e-sonhadores-CAPA-716x1024.jpeg 716w, https:\/\/osulemcima.com\/blog\/wp-content\/uploads\/2016\/09\/Sonhos-e-sonhadores-CAPA-900x1288.jpeg 900w, https:\/\/osulemcima.com\/blog\/wp-content\/uploads\/2016\/09\/Sonhos-e-sonhadores-CAPA.jpeg 1874w\" sizes=\"auto, (max-width: 210px) 100vw, 210px\" \/><\/p>\n<p><strong>Sonhos e Sonhadores<\/strong> &#8211; Os dois maiores desafios para o conhecimento humano s\u00e3o os mesmos desde que come\u00e7amos a raciocinar: a natureza do Universo e o funcionamento de nosso c\u00e9rebro. Com a diferen\u00e7a que as especula\u00e7\u00f5es do Universo j\u00e1 chegaram perto, se n\u00e3o de uma explica\u00e7\u00e3o final pelo menos de algumas certezas irretrat\u00e1veis, enquanto ainda sabemos pouqu\u00edssimo sobre os processos de nossa mente \u2013 inclusive sobre o poder de especular. Conhecemos melhor as estrelas distantes do que o universo que temos por dentro, que ainda nos intriga e deslumbra como nos tempos das cavernas. E entre os mist\u00e9rios do c\u00e9rebro nenhum \u00e9 t\u00e3o fascinante quanto o sonho, essa segunda vida que nos transporta a outro mundo, essa cria\u00e7\u00e3o involunt\u00e1ria que transforma at\u00e9 caval\u00f5es, dormindo, em mestres do surrealismo. Sonhando, todos s\u00e3o, desde crian\u00e7as, simbolistas geniais. De onde vem isso? Com \u00e9 que funciona? Esse livro explora nosso universo interno atrav\u00e9s da experi\u00eancia on\u00edrica do seu autor e de outros sonhadores. Mas o autor n\u00e3o \u00e9 apenas outro especulador. Trata-se de um artista que alia \u00e0 sua pesquisa rigorosa e \u00e0s suas leituras exaustivas sobre o assunto uma sensibilidade rara, evidente para quem j\u00e1 ouviu sua voz e suas composi\u00e7\u00f5es (para n\u00e3o falar no seu violino). O que faz do seu trabalho, mais que um livro de sonhos, um livro de sonho. \u2013 Lu\u00eds Fernando Ver\u00edssimo<\/p>\n<p>&nbsp;<\/p>\n<p><img loading=\"lazy\" decoding=\"async\" class=\"size-medium wp-image-851 alignleft\" src=\"http:\/\/osulemcima.com\/blog\/wp-content\/uploads\/2016\/09\/voo-do-drag\u00e3o-capa-300x300.jpeg\" alt=\"voo do drag\u00e3o - capa\" width=\"300\" height=\"300\" srcset=\"https:\/\/osulemcima.com\/blog\/wp-content\/uploads\/2016\/09\/voo-do-drag\u00e3o-capa-300x300.jpeg 300w, https:\/\/osulemcima.com\/blog\/wp-content\/uploads\/2016\/09\/voo-do-drag\u00e3o-capa-150x150.jpeg 150w, https:\/\/osulemcima.com\/blog\/wp-content\/uploads\/2016\/09\/voo-do-drag\u00e3o-capa-768x768.jpeg 768w, https:\/\/osulemcima.com\/blog\/wp-content\/uploads\/2016\/09\/voo-do-drag\u00e3o-capa-1024x1024.jpeg 1024w, https:\/\/osulemcima.com\/blog\/wp-content\/uploads\/2016\/09\/voo-do-drag\u00e3o-capa-900x900.jpeg 900w, https:\/\/osulemcima.com\/blog\/wp-content\/uploads\/2016\/09\/voo-do-drag\u00e3o-capa.jpeg 1400w\" sizes=\"auto, (max-width: 300px) 100vw, 300px\" \/><br \/>\n<strong>O voo do Drag\u00e3o<\/strong> \u2013 Este livro \u00e9 resultado de sua dedica\u00e7\u00e3o como professor e do entusiasmo de seus pequenos alunos. Este livro \u00e9 original e ao mesmo tempo simples e sofisticado, ensina que o aprendizado da m\u00fasica na inf\u00e2ncia n\u00e3o pode existir dissociado da sensibilidade e do prazer das crian\u00e7as.<\/p>\n<p>&nbsp;<\/p>\n<p>&nbsp;<\/p>\n<p>&nbsp;<\/p>\n<p>&nbsp;<\/p>\n<p>&nbsp;<\/p>\n","protected":false},"excerpt":{"rendered":"<p>&nbsp; \u00a0Kyoto &#8211; Essa \u00e9 uma hist\u00f3ria de amor entre um brasileiro e uma japonesa. Murano e Naomi se conhecem no Rio de Janeiro e ficam perdidamente apaixonados. Akio, pai de Naomi, homem rico, poderoso e de passado nebuloso, ao saber do romance leva Naomi de volta para o Jap\u00e3o e praticamente a isola do [&hellip;]<\/p>\n<a href=\"https:\/\/osulemcima.com\/blog\/livros\/\" class=\"more-link\">Read More<\/a>","protected":false},"author":1,"featured_media":0,"parent":0,"menu_order":0,"comment_status":"closed","ping_status":"closed","template":"","meta":{"footnotes":""},"class_list":["post-843","page","type-page","status-publish","hentry"],"_links":{"self":[{"href":"https:\/\/osulemcima.com\/blog\/wp-json\/wp\/v2\/pages\/843","targetHints":{"allow":["GET"]}}],"collection":[{"href":"https:\/\/osulemcima.com\/blog\/wp-json\/wp\/v2\/pages"}],"about":[{"href":"https:\/\/osulemcima.com\/blog\/wp-json\/wp\/v2\/types\/page"}],"author":[{"embeddable":true,"href":"https:\/\/osulemcima.com\/blog\/wp-json\/wp\/v2\/users\/1"}],"replies":[{"embeddable":true,"href":"https:\/\/osulemcima.com\/blog\/wp-json\/wp\/v2\/comments?post=843"}],"version-history":[{"count":4,"href":"https:\/\/osulemcima.com\/blog\/wp-json\/wp\/v2\/pages\/843\/revisions"}],"predecessor-version":[{"id":877,"href":"https:\/\/osulemcima.com\/blog\/wp-json\/wp\/v2\/pages\/843\/revisions\/877"}],"wp:attachment":[{"href":"https:\/\/osulemcima.com\/blog\/wp-json\/wp\/v2\/media?parent=843"}],"curies":[{"name":"wp","href":"https:\/\/api.w.org\/{rel}","templated":true}]}}