{"id":841,"date":"2016-09-04T21:43:21","date_gmt":"2016-09-05T00:43:21","guid":{"rendered":"http:\/\/osulemcima.com\/blog\/?page_id=841"},"modified":"2016-09-15T11:54:07","modified_gmt":"2016-09-15T14:54:07","slug":"dupla-kleiton-e-kledir","status":"publish","type":"page","link":"https:\/\/osulemcima.com\/blog\/dupla-kleiton-e-kledir\/","title":{"rendered":"Dupla K&#038;K"},"content":{"rendered":"<p><img loading=\"lazy\" decoding=\"async\" class=\"aligncenter wp-image-844 size-large\" src=\"http:\/\/osulemcima.com\/blog\/wp-content\/uploads\/2016\/09\/Kleiton-e-Kledir-1024x683.jpg\" alt=\"Kleiton e Kledir\" width=\"750\" height=\"500\" srcset=\"https:\/\/osulemcima.com\/blog\/wp-content\/uploads\/2016\/09\/Kleiton-e-Kledir-1024x683.jpg 1024w, https:\/\/osulemcima.com\/blog\/wp-content\/uploads\/2016\/09\/Kleiton-e-Kledir-300x200.jpg 300w, https:\/\/osulemcima.com\/blog\/wp-content\/uploads\/2016\/09\/Kleiton-e-Kledir-768x512.jpg 768w, https:\/\/osulemcima.com\/blog\/wp-content\/uploads\/2016\/09\/Kleiton-e-Kledir-900x600.jpg 900w\" sizes=\"auto, (max-width: 750px) 100vw, 750px\" \/><\/p>\n<p><strong>Kleiton &amp; Kledir<\/strong> come\u00e7aram a estudar m\u00fasica muito cedo e nos anos 70 lan\u00e7aram com mais tr\u00eas amigos a banda <strong>\u201cAlm\u00f4ndegas\u201d<\/strong>, que foi um marco na hist\u00f3ria da m\u00fasica do Rio Grande do Sul. Foram 4 discos, muitos shows e a mudan\u00e7a para o Rio de Janeiro.<\/p>\n<p>Em 1980 saiu o primeiro disco da dupla <strong>K&amp;K<\/strong>. O sucesso foi imediato e os shows arrastavam um p\u00fablico enorme por todo Brasil. Lan\u00e7aram v\u00e1rios discos (inclusive um em espanhol) o que lhes rendeu disco de ouro e shows por EUA, Europa e Am\u00e9rica Latina. Gravaram em Los Angeles, Nova York, Lisboa, Paris, Miami e Buenos Aires. Suas composi\u00e7\u00f5es foram gravadas por Simone, Nara Le\u00e3o, MPB4, Caetano Veloso, Xuxa, Claudia Leitte, Faf\u00e1 de Bel\u00e9m, F\u00e1bio Jr, Nenhum de N\u00f3s, Zizi Possi, Ivan Lins, Chit\u00e3ozinho e Xoror\u00f3, Zez\u00e9 de Camargo e Luciano, Leonardo, Belchior, Emilio Santiago e muitos outros. Tamb\u00e9m pelo mundo afora suas m\u00fasicas ganharam vers\u00f5es de grandes artistas, como os argentinos Mercedes Sosa e Fito Paez, a cantora portuguesa Eugenia Mello e Castro e a japonesa Chie.<\/p>\n<p><strong>Kleiton &amp; Kledir<\/strong> trouxeram definitivamente para a cultura brasileira a nova m\u00fasica ga\u00facha. Eternizaram um sotaque diferente, uma maneira pr\u00f3pria de falar e cantar, com termos at\u00e9 ent\u00e3o desconhecidos como \u201cdeu pra ti\u201d e \u201ctri legal\u201d. Acabaram se transformando em s\u00edmbolos do ga\u00facho contempor\u00e2neo, do homem moderno do sul do Brasil, o que fez com que o Governo do Estado lhes conferisse o t\u00edtulo de \u201cEmbaixadores Culturais do RS\u201d.<\/p>\n<p><strong>K&amp;K<\/strong> t\u00eam recebido v\u00e1rias homenagens, entre elas o t\u00edtulo de Cidad\u00e3os Portoalegrenses. Kleiton foi condecorado como C\u00f4nsul Em\u00e9rito do Gr\u00eamio e Kledir recebeu o t\u00edtulo de C\u00f4nsul Cultural do Internacional. No carnaval carioca de 2002 foram homenageados no desfile do Grupo Especial pela Escola de Samba Caprichosos de Pilares, que apresentou um enredo inspirado na m\u00fasica \u201cDeu pra ti\u201d. Entre os v\u00e1rios pr\u00eamios recebidos, destaque para uma homenagem especial no Pr\u00eamio A\u00e7orianos, o trof\u00e9u de Melhor Disco do Ano no Pr\u00eamio TIM e Melhor Disco Infantil no 24o Pr\u00eamio da M\u00fasica Brasileira.<\/p>\n<p>Depois de v\u00e1rios anos fazendo sucesso entre os adultos, <strong>Kleiton &amp; Kledir<\/strong>, resolveram compor para crian\u00e7as e lan\u00e7aram pela gravadora Biscoito Fino o CD \u201cPar ou \u00cdmpar\u201d, com m\u00fasicas inspiradas nesse universo infantil cheio de fantasia e imagina\u00e7\u00e3o. O disco, que tem a participa\u00e7\u00e3o especial da atriz Fabiana Karla, traz can\u00e7\u00f5es que falam de bichos, m\u00e1gicos, bruxas, pirulitos estranhos, pum perfumado, brincadeiras de rua e at\u00e9 uma vers\u00e3o infantil da eterna guerra dos sexos.<\/p>\n<p>Entusiasmados com o reconhecimento un\u00e2nime de p\u00fablico e de cr\u00edtica, <strong>K&amp;K<\/strong> se uniram ao Grupo THOLL para realizar um espet\u00e1culo que vai ficar para sempre no imagin\u00e1rio das nossas crian\u00e7as. O Grupo THOLL \u00e9 criador de espet\u00e1culos infantis, teatrais e circenses, de extrema alegria, exuber\u00e2ncia e bom gosto. \u201cPar ou \u00cdmpar\u201d, o espet\u00e1culo reunindo <strong>K&amp;K<\/strong> + Grupo THOLL + Fabiana Karla, foi gravado ao vivo em Porto Alegre e lan\u00e7ado em CD\/DVD pela Biscoito Fino e foi ao ar como especial de televis\u00e3o pela RBSTV e pelo Canal Brasil.<\/p>\n<p><a href=\"http:\/\/www.kleitonekledir.com.br\">www.kleitonekledir.com.br<\/a><\/p>\n<p><strong>RAMIL E UMA Produ\u00e7\u00f5es: (21) 2542.5956 \/ 2542.8304<\/strong> <a href=\"mailto:contato@kleitonekledir.com.br\">contato@kleitonekledir.com.br<\/a><\/p>\n<p>&nbsp;<\/p>\n","protected":false},"excerpt":{"rendered":"<p>Kleiton &amp; Kledir come\u00e7aram a estudar m\u00fasica muito cedo e nos anos 70 lan\u00e7aram com mais tr\u00eas amigos a banda \u201cAlm\u00f4ndegas\u201d, que foi um marco na hist\u00f3ria da m\u00fasica do Rio Grande do Sul. Foram 4 discos, muitos shows e a mudan\u00e7a para o Rio de Janeiro. Em 1980 saiu o primeiro disco da dupla [&hellip;]<\/p>\n<a href=\"https:\/\/osulemcima.com\/blog\/dupla-kleiton-e-kledir\/\" class=\"more-link\">Read More<\/a>","protected":false},"author":1,"featured_media":0,"parent":0,"menu_order":0,"comment_status":"closed","ping_status":"closed","template":"","meta":{"footnotes":""},"class_list":["post-841","page","type-page","status-publish","hentry"],"_links":{"self":[{"href":"https:\/\/osulemcima.com\/blog\/wp-json\/wp\/v2\/pages\/841","targetHints":{"allow":["GET"]}}],"collection":[{"href":"https:\/\/osulemcima.com\/blog\/wp-json\/wp\/v2\/pages"}],"about":[{"href":"https:\/\/osulemcima.com\/blog\/wp-json\/wp\/v2\/types\/page"}],"author":[{"embeddable":true,"href":"https:\/\/osulemcima.com\/blog\/wp-json\/wp\/v2\/users\/1"}],"replies":[{"embeddable":true,"href":"https:\/\/osulemcima.com\/blog\/wp-json\/wp\/v2\/comments?post=841"}],"version-history":[{"count":8,"href":"https:\/\/osulemcima.com\/blog\/wp-json\/wp\/v2\/pages\/841\/revisions"}],"predecessor-version":[{"id":887,"href":"https:\/\/osulemcima.com\/blog\/wp-json\/wp\/v2\/pages\/841\/revisions\/887"}],"wp:attachment":[{"href":"https:\/\/osulemcima.com\/blog\/wp-json\/wp\/v2\/media?parent=841"}],"curies":[{"name":"wp","href":"https:\/\/api.w.org\/{rel}","templated":true}]}}