{"id":837,"date":"2016-09-04T21:38:11","date_gmt":"2016-09-05T00:38:11","guid":{"rendered":"http:\/\/osulemcima.com\/blog\/?page_id=837"},"modified":"2016-09-26T16:26:05","modified_gmt":"2016-09-26T19:26:05","slug":"biografia","status":"publish","type":"page","link":"https:\/\/osulemcima.com\/blog\/biografia\/","title":{"rendered":"Biografia"},"content":{"rendered":"<p><img loading=\"lazy\" decoding=\"async\" class=\"aligncenter wp-image-845 size-large\" title=\"Kleiton Ramil\" src=\"http:\/\/osulemcima.com\/blog\/wp-content\/uploads\/2016\/09\/Kleiton-1024x768.jpg\" alt=\"Kleiton\" width=\"750\" height=\"563\" srcset=\"https:\/\/osulemcima.com\/blog\/wp-content\/uploads\/2016\/09\/Kleiton-1024x768.jpg 1024w, https:\/\/osulemcima.com\/blog\/wp-content\/uploads\/2016\/09\/Kleiton-300x225.jpg 300w, https:\/\/osulemcima.com\/blog\/wp-content\/uploads\/2016\/09\/Kleiton-768x576.jpg 768w, https:\/\/osulemcima.com\/blog\/wp-content\/uploads\/2016\/09\/Kleiton-900x675.jpg 900w\" sizes=\"auto, (max-width: 750px) 100vw, 750px\" \/><\/p>\n<p style=\"text-align: right;\">Foto de Guilherme Barros<\/p>\n<p>Kleiton \u00e9 um artista de muito prest\u00edgio no Brasil e no exterior. J\u00e1 gravou mais de 15 discos, entre eles um cantado em espanhol e outro em franc\u00eas.<\/p>\n<p>Desenvolve projetos como compositor, violinista, cantor, arranjador e violonista. \u00c9 produtor art\u00edstico de seus pr\u00f3prios discos e tamb\u00e9m de outros artistas.<\/p>\n<p>Realizou shows nos Estados Unidos, Fran\u00e7a, Argentina, Cuba, Portugal e outros pa\u00edses. J\u00e1 ultrapassou a marca dos 1000 espet\u00e1culos na cena brasileira e no exterior.<\/p>\n<p>Recebeu o pr\u00eamio m\u00e1ximo da discografia no Brasil, o \u201cDisco de Ouro\u201d, por mais de 100.000 c\u00f3pias vendidas no mercado fonogr\u00e1fico.<\/p>\n<p>Suas composi\u00e7\u00f5es s\u00e3o muito conhecidas e se tornaram grandes sucessos na interpreta\u00e7\u00e3o do duo que forma com seu irm\u00e3o, \u201cKleiton &amp; Kledir\u201d e na de outros c\u00e9lebres interpretes como Mercedes Soza, Simone, MPB4, Faf\u00e1 de Bel\u00e9m, Em\u00edlio Santiago, Vitor Ramil, entre outros.<\/p>\n<p>Sua composi\u00e7\u00e3o \u201cVira Virou\u201d, est\u00e1 inclu\u00edda no disco comemorativo do 25 anivers\u00e1rio da Anistia Internacional, junto com grandes nomes como Sting e Jo\u00e3o Baez.<\/p>\n<p>Na \u00e1rea da educa\u00e7\u00e3o, Kleiton \u00e9 mestre em composi\u00e7\u00e3o (eletroac\u00fastica), p\u00f3s-gradua\u00e7\u00e3o conclu\u00edda em 2003 na Escola de Musica da UFRJ (Universidade Federal do Rio de Janeiro) e \u00e9 professor de m\u00fasica (estrutura\u00e7\u00e3o harm\u00f4nica, viol\u00e3o, violino, piano, t\u00e9cnica vocal, teoria musical,) desde 1993, quando voltou da Fran\u00e7a onde deu continuidade a seus estudos de composi\u00e7\u00e3o e reg\u00eancia, na Universidade Paris VIII, iniciados na UFRGS (Universidade Federal do Rio Grande do Sul).<\/p>\n<p>Realizou projeto piloto de implanta\u00e7\u00e3o de uma escola de m\u00fasica dentro da Escola Isa Prates, Rio de Janeiro, aplicando m\u00e9todo original e inovador, no ano de 1997.<\/p>\n<p>Recebeu o t\u00edtulo de Embaixador Cultural do Rio Grande do Sul, outorgado pelo governo do estado, a medalha Presidente Coruja da Associa\u00e7\u00e3o Rio Grandense do Rio de Janeiro e uma Men\u00e7\u00e3o Honrosa da C\u00e2mara dos vereadores dessa cidade por servi\u00e7os prestados a cultura al\u00e9m de muitas outras homenagens.<\/p>\n<p>Kleiton tem tamb\u00e9m cidadania espanhola, por parte de seu av\u00f4 paterno M. A. Ramil<\/p>\n","protected":false},"excerpt":{"rendered":"<p>Foto de Guilherme Barros Kleiton \u00e9 um artista de muito prest\u00edgio no Brasil e no exterior. J\u00e1 gravou mais de 15 discos, entre eles um cantado em espanhol e outro em franc\u00eas. Desenvolve projetos como compositor, violinista, cantor, arranjador e violonista. \u00c9 produtor art\u00edstico de seus pr\u00f3prios discos e tamb\u00e9m de outros artistas. Realizou shows [&hellip;]<\/p>\n<a href=\"https:\/\/osulemcima.com\/blog\/biografia\/\" class=\"more-link\">Read More<\/a>","protected":false},"author":1,"featured_media":0,"parent":0,"menu_order":0,"comment_status":"closed","ping_status":"closed","template":"","meta":{"footnotes":""},"class_list":["post-837","page","type-page","status-publish","hentry"],"_links":{"self":[{"href":"https:\/\/osulemcima.com\/blog\/wp-json\/wp\/v2\/pages\/837","targetHints":{"allow":["GET"]}}],"collection":[{"href":"https:\/\/osulemcima.com\/blog\/wp-json\/wp\/v2\/pages"}],"about":[{"href":"https:\/\/osulemcima.com\/blog\/wp-json\/wp\/v2\/types\/page"}],"author":[{"embeddable":true,"href":"https:\/\/osulemcima.com\/blog\/wp-json\/wp\/v2\/users\/1"}],"replies":[{"embeddable":true,"href":"https:\/\/osulemcima.com\/blog\/wp-json\/wp\/v2\/comments?post=837"}],"version-history":[{"count":6,"href":"https:\/\/osulemcima.com\/blog\/wp-json\/wp\/v2\/pages\/837\/revisions"}],"predecessor-version":[{"id":892,"href":"https:\/\/osulemcima.com\/blog\/wp-json\/wp\/v2\/pages\/837\/revisions\/892"}],"wp:attachment":[{"href":"https:\/\/osulemcima.com\/blog\/wp-json\/wp\/v2\/media?parent=837"}],"curies":[{"name":"wp","href":"https:\/\/api.w.org\/{rel}","templated":true}]}}